{"id":3515,"date":"2021-10-13T09:19:32","date_gmt":"2021-10-13T07:19:32","guid":{"rendered":"https:\/\/intranet.cfparts.ch\/?page_id=3515"},"modified":"2024-08-15T13:00:58","modified_gmt":"2024-08-15T11:00:58","slug":"activer-le-transfert-automatique-de-votre-messagerie-eel","status":"publish","type":"page","link":"https:\/\/intranet.cfparts.ch\/?page_id=3515","title":{"rendered":"Activer le transfert automatique de votre messagerie EEL"},"content":{"rendered":"<h4><strong>Proc\u00e9dure pour activer le transfert automatique<br \/>\nde votre messagerie EEL sur une autre messagerie<br \/>\n(@edu.ge.ch ou @etat.ge.ch)<\/strong><\/h4>\n<p><strong>Remarque<\/strong>\u00a0: Les spams ne sont pas transf\u00e9r\u00e9s avec les nouveaux messages.<\/p>\n<p><strong>Activer le transfert automatique<\/strong><\/p>\n<ul>\n<li>Sur votre ordinateur, ouvrez <a href=\"https:\/\/eduge.ch\/\" target=\"_blank\" rel=\"noopener\">EEL<\/a> en utilisant le compte \u00e0 partir duquel vous souhaitez transf\u00e9rer les messages. Le transfert de messages ne peut \u00eatre effectu\u00e9 que pour une seule adresse, et non pour un groupe ou alias.<\/li>\n<li>En haut \u00e0 droite, cliquez sur Param\u00e8tres (roue dent\u00e9e)\u00a0 et <strong>Afficher tous les param\u00e8tres<\/strong>.<\/li>\n<li>Cliquez sur l&rsquo;onglet <strong>Transfert et POP\/IMAP<\/strong>.<\/li>\n<li>Dans la section &laquo;&nbsp;Transfert&nbsp;&raquo;, cliquez sur <strong>Ajouter une adresse de transfert<\/strong>.<\/li>\n<li>Saisissez l&rsquo;adresse e-mail vers laquelle vous souhaitez transf\u00e9rer les messages.<\/li>\n<li>Cliquez sur <strong>Suivant<\/strong>\u00a0 <strong>Continuer<\/strong>\u00a0 <strong>OK<\/strong>.<\/li>\n<li>Un message de validation est envoy\u00e9 \u00e0 cette adresse. Cliquez sur le lien de validation contenu dans le message.Revenez aux param\u00e8tres du compte Gmail \u00e0 partir duquel vous souhaitez transf\u00e9rer les messages, puis actualisez votre navigateur.<\/li>\n<li>Cliquez sur l&rsquo;onglet\u00a0<strong>Transfert et POP\/IMAP<\/strong>.<\/li>\n<li>Dans la section &laquo;&nbsp;Transfert&nbsp;&raquo;, s\u00e9lectionnez <strong>Transf\u00e9rer une copie des messages re\u00e7us \u00e0<\/strong>.<\/li>\n<li>Choisissez ce que vous souhaitez faire avec la copie Gmail de vos e-mails. Nous vous recommandons de s\u00e9lectionner l&rsquo;option &laquo;&nbsp;Conserver la copie originale Gmail dans la bo\u00eete de r\u00e9ception&nbsp;&raquo;.<\/li>\n<li>Au bas de la page, cliquez sur <strong>Enregistrer les modifications<\/strong>.<\/li>\n<\/ul>\n","protected":false},"excerpt":{"rendered":"<p>Proc\u00e9dure pour activer le transfert automatique de votre messagerie EEL sur une autre messagerie (@edu.ge.ch ou @etat.ge.ch) Remarque\u00a0: Les spams ne sont pas transf\u00e9r\u00e9s avec les nouveaux messages. Activer le transfert automatique Sur votre ordinateur, ouvrez EEL en utilisant le compte \u00e0 partir duquel vous souhaitez transf\u00e9rer les messages. Le transfert de messages ne peut &hellip; <a href=\"https:\/\/intranet.cfparts.ch\/?page_id=3515\" class=\"more-link\">Continuer la lecture de <span class=\"screen-reader-text\">Activer le transfert automatique de votre messagerie EEL<\/span><\/a><\/p>\n","protected":false},"author":3,"featured_media":0,"parent":0,"menu_order":0,"comment_status":"closed","ping_status":"closed","template":"","meta":[],"_links":{"self":[{"href":"https:\/\/intranet.cfparts.ch\/index.php?rest_route=\/wp\/v2\/pages\/3515"}],"collection":[{"href":"https:\/\/intranet.cfparts.ch\/index.php?rest_route=\/wp\/v2\/pages"}],"about":[{"href":"https:\/\/intranet.cfparts.ch\/index.php?rest_route=\/wp\/v2\/types\/page"}],"author":[{"embeddable":true,"href":"https:\/\/intranet.cfparts.ch\/index.php?rest_route=\/wp\/v2\/users\/3"}],"replies":[{"embeddable":true,"href":"https:\/\/intranet.cfparts.ch\/index.php?rest_route=%2Fwp%2Fv2%2Fcomments&post=3515"}],"version-history":[{"count":6,"href":"https:\/\/intranet.cfparts.ch\/index.php?rest_route=\/wp\/v2\/pages\/3515\/revisions"}],"predecessor-version":[{"id":3674,"href":"https:\/\/intranet.cfparts.ch\/index.php?rest_route=\/wp\/v2\/pages\/3515\/revisions\/3674"}],"wp:attachment":[{"href":"https:\/\/intranet.cfparts.ch\/index.php?rest_route=%2Fwp%2Fv2%2Fmedia&parent=3515"}],"curies":[{"name":"wp","href":"https:\/\/api.w.org\/{rel}","templated":true}]}}