{"id":3423,"date":"2021-09-17T12:32:37","date_gmt":"2021-09-17T10:32:37","guid":{"rendered":"https:\/\/intranet.cfparts.ch\/?page_id=3423"},"modified":"2026-02-03T14:58:11","modified_gmt":"2026-02-03T13:58:11","slug":"securite","status":"publish","type":"page","link":"https:\/\/intranet.cfparts.ch\/?page_id=3423","title":{"rendered":"S\u00e9curit\u00e9"},"content":{"rendered":"<h3>MESURES EN CAS DE SINISTRE<span style=\"color: #808080;\"><br \/>\n<\/span><\/h3>\n<h4><span style=\"color: #ff0000;\">1) Appeler imm\u00e9diatement le num\u00e9ro des urgences sapeurs-pompiers<\/span><br \/>\n<span style=\"color: #ff0000;\">\u279e 118<\/span><\/h4>\n<h4><span style=\"color: #ff0000;\">2) Pr\u00e9venir la direction et le secr\u00e9tariat\/r\u00e9ception<\/span><br \/>\n<span style=\"color: #ff0000;\"><a style=\"color: #ff0000;\" href=\"tel:+41223885000\">\u279e +41 22 388 50 00<\/a><\/span><br \/>\n<span style=\"color: #ff0000;\"><a style=\"color: #ff0000;\" href=\"tel:+41223885003\">\u279e +41 22 388 50 03<\/a><br \/>\n<a style=\"color: #ff0000;\" href=\"tel:+41223885039\">\u279e +41 22 388 50 39<\/a><br \/>\n<a style=\"color: #ff0000;\" href=\"tel:+41223885070\">\u279e +41 22 388 50 70<\/a><br \/>\n<\/span><\/h4>\n<p><strong>\u2014<\/strong><\/p>\n<p><strong>MARCHE \u00c0 SUIVRE<\/strong><\/p>\n<p>Des boutons d\u2019alarme (bo\u00eetes rouges) sont pr\u00e9sents dans certains b\u00e2timents.<\/p>\n<p>En cas d\u2019alarme, tous les membres du personnel, les \u00e9l\u00e8ves et les visiteurs \u00e9vacuent et se rendent sur les lieux de rassemblement selon le plan affich\u00e9 dans chaque salle.<\/p>\n<p>L\u2019\u00e9vacuation du b\u00e2timent est obligatoire, elle s\u2019effectue selon la proc\u00e9dure.<\/p>\n<p>Si les voies d\u2019\u00e9vacuation sont enfum\u00e9es ou impraticables, rester en classe, calfeutrer la porte et se tenir \u00e0 proximit\u00e9 des fen\u00eatres pour manifester sa pr\u00e9sence, alerter les sapeurs-pompiers par t\u00e9l\u00e9phone de l\u2019impossibilit\u00e9 de sortir de la classe, et donner toutes les pr\u00e9cisions sur la position de la classe dans le b\u00e2timent et le nombre de personnes dans la classe.<\/p>\n<p><span style=\"color: #333333;\"><b><strong>\u2014<\/strong><\/b><\/span><\/p>\n<p><span style=\"color: #333333;\"><b>CONSIGNES D\u2019\u00c9VACUATION<\/b><\/span><\/p>\n<ul>\n<li><a href=\"http:\/\/intranet.cfp-arts.ch\/wp-content\/uploads\/2021\/09\/SECURITE_Depliant-NE.pdf\" target=\"_blank\" rel=\"noopener\"><span style=\"color: #ff0000;\">Necker (NE)<\/span><\/a><\/li>\n<li><span style=\"color: #ff0000;\"><a style=\"color: #ff0000;\" href=\"http:\/\/intranet.cfp-arts.ch\/wp-content\/uploads\/2021\/09\/SECURITE_Depliant-MA.pdf\" target=\"_blank\" rel=\"noopener\">Malatrex (MA)<\/a><\/span><\/li>\n<li><span style=\"color: #ff0000;\"><a style=\"color: #ff0000;\" href=\"http:\/\/intranet.cfp-arts.ch\/wp-content\/uploads\/2021\/09\/SECURITE_Depliant-VP.pdf\" target=\"_blank\" rel=\"noopener\">Vuache 4 (VP)<\/a><\/span><\/li>\n<li><span style=\"color: #ff0000;\"><a style=\"color: #ff0000;\" href=\"http:\/\/intranet.cfp-arts.ch\/wp-content\/uploads\/2021\/09\/SECURITE_Depliant-CE.pdf\" target=\"_blank\" rel=\"noopener\">Vuache 15 (CE)<\/a><\/span><\/li>\n<li><span style=\"color: #ff0000;\"><a style=\"color: #ff0000;\" href=\"http:\/\/intranet.cfp-arts.ch\/wp-content\/uploads\/2021\/09\/SECURITE_Depliant-VU.pdf\" target=\"_blank\" rel=\"noopener\">Vuache 23 (VU)<\/a><\/span><\/li>\n<li><span style=\"color: #ff0000;\"><a style=\"color: #ff0000;\" href=\"http:\/\/intranet.cfp-arts.ch\/wp-content\/uploads\/2021\/09\/SECURITE_Depliant-WE.pdf\" target=\"_blank\" rel=\"noopener\">Wenger (WE)<\/a><\/span><\/li>\n<li><span style=\"color: #ff0000;\"><a style=\"color: #ff0000;\" href=\"http:\/\/intranet.cfp-arts.ch\/wp-content\/uploads\/2021\/09\/SECURITE_Depliant-PB.pdf\" target=\"_blank\" rel=\"noopener\">Pictet (PB)<\/a><\/span><\/li>\n<li><span style=\"color: #ff0000;\"><a style=\"color: #ff0000;\" href=\"http:\/\/intranet.cfp-arts.ch\/wp-content\/uploads\/2021\/09\/SECURITE_Depliant-VX.pdf\" target=\"_blank\" rel=\"noopener\">Vieusseux (VX)<\/a><\/span><\/li>\n<\/ul>\n<h3><b>CONSIGNES DE S\u00c9CURIT\u00c9<\/b><\/h3>\n<p><strong>DOUCHE OCULAIRE<\/strong><\/p>\n<ul>\n<li><a href=\"https:\/\/intranet.cfparts.ch\/wp-content\/uploads\/2025\/10\/SECURITE_Douche-oculaire-Utilisation.mov\" target=\"_blank\" rel=\"noopener\"><span style=\"color: #ff0000;\">Utilisation<\/span><\/a><\/li>\n<li><span style=\"color: #ff0000;\"><a style=\"color: #ff0000;\" href=\"https:\/\/intranet.cfparts.ch\/wp-content\/uploads\/2025\/10\/SECURITE_Douche-oculaire-Remplacement-bouteilles.mov\" target=\"_blank\" rel=\"noopener\">Remplacement des bouteilles<\/a><\/span><\/li>\n<\/ul>\n<p>&nbsp;<\/p>\n<h3><\/h3>\n<p><span style=\"color: #333333;\"><b>C<\/b><\/span><strong>ontact<\/strong><br \/>\nJulien Czernecki, charg\u00e9 de s\u00e9curit\u00e9<br \/>\n2<sup>e<\/sup> \u00e9tage du b\u00e2timent Necker<br \/>\n<a href=\"mailto:julien.czernecki@edu.ge.ch\">julien.czernecki@edu.ge.ch<\/a><br \/>\n+\u200941 22 388 50 35<\/p>\n","protected":false},"excerpt":{"rendered":"<p>MESURES EN CAS DE SINISTRE 1) Appeler imm\u00e9diatement le num\u00e9ro des urgences sapeurs-pompiers \u279e 118 2) Pr\u00e9venir la direction et le secr\u00e9tariat\/r\u00e9ception \u279e +41 22 388 50 00 \u279e +41 22 388 50 03 \u279e +41 22 388 50 39 \u279e +41 22 388 50 70 \u2014 MARCHE \u00c0 SUIVRE Des boutons d\u2019alarme (bo\u00eetes rouges) &hellip; <a href=\"https:\/\/intranet.cfparts.ch\/?page_id=3423\" class=\"more-link\">Continuer la lecture de <span class=\"screen-reader-text\">S\u00e9curit\u00e9<\/span><\/a><\/p>\n","protected":false},"author":4,"featured_media":0,"parent":0,"menu_order":0,"comment_status":"closed","ping_status":"closed","template":"","meta":[],"_links":{"self":[{"href":"https:\/\/intranet.cfparts.ch\/index.php?rest_route=\/wp\/v2\/pages\/3423"}],"collection":[{"href":"https:\/\/intranet.cfparts.ch\/index.php?rest_route=\/wp\/v2\/pages"}],"about":[{"href":"https:\/\/intranet.cfparts.ch\/index.php?rest_route=\/wp\/v2\/types\/page"}],"author":[{"embeddable":true,"href":"https:\/\/intranet.cfparts.ch\/index.php?rest_route=\/wp\/v2\/users\/4"}],"replies":[{"embeddable":true,"href":"https:\/\/intranet.cfparts.ch\/index.php?rest_route=%2Fwp%2Fv2%2Fcomments&post=3423"}],"version-history":[{"count":43,"href":"https:\/\/intranet.cfparts.ch\/index.php?rest_route=\/wp\/v2\/pages\/3423\/revisions"}],"predecessor-version":[{"id":3797,"href":"https:\/\/intranet.cfparts.ch\/index.php?rest_route=\/wp\/v2\/pages\/3423\/revisions\/3797"}],"wp:attachment":[{"href":"https:\/\/intranet.cfparts.ch\/index.php?rest_route=%2Fwp%2Fv2%2Fmedia&parent=3423"}],"curies":[{"name":"wp","href":"https:\/\/api.w.org\/{rel}","templated":true}]}}